{"id":2340,"date":"2025-11-17T14:56:33","date_gmt":"2025-11-17T14:56:33","guid":{"rendered":"https:\/\/sonrisa-immobilien.de\/politica-de-privacidad\/"},"modified":"2025-12-03T18:19:33","modified_gmt":"2025-12-03T18:19:33","slug":"politica-de-privacidad","status":"publish","type":"page","link":"https:\/\/sonrisa-immobilien.de\/es\/politica-de-privacidad\/","title":{"rendered":"Pol\u00edtica de privacidad"},"content":{"rendered":"<p>[et_pb_section fb_built=\u00bb1&#8243; _builder_version=\u00bb4.16&#8243; global_colors_info=\u00bb{}\u00bb][et_pb_row _builder_version=\u00bb4.16&#8243; background_size=\u00bbinitial\u00bb background_position=\u00bbtop_left\u00bb background_repeat=\u00bbrepeat\u00bb global_colors_info=\u00bb{}\u00bb][et_pb_column type=\u00bb4_4&#8243; _builder_version=\u00bb4.16&#8243; custom_padding=\u00bb|||\u00bb global_colors_info=\u00bb{}\u00bb custom_padding__hover=\u00bb|||\u00bb][et_pb_text _builder_version=\u00bb4.27.4&#8243; background_size=\u00bbinitial\u00bb background_position=\u00bbtop_left\u00bb background_repeat=\u00bbrepeat\u00bb hover_enabled=\u00bb0&#8243; global_colors_info=\u00bb{}\u00bb sticky_enabled=\u00bb0&#8243;]<\/p>\n<h1>Pol\u00edtica de privacidad<\/h1>\n<div id=\"main-content\">\n<article id=\"post-19\" class=\"post-19 page type-page status-publish hentry\">\n<div class=\"entry-content\">\n<div class=\"et-l et-l--post\">\n<div class=\"et_builder_inner_content et_pb_gutters3\">\n<div class=\"et_pb_section et_pb_section_0 et_section_regular\">\n<div class=\"et_pb_row et_pb_row_0\">\n<div class=\"et_pb_column et_pb_column_4_4 et_pb_column_0 et_pb_css_mix_blend_mode_passthrough et-last-child\">\n<div class=\"et_pb_module et_pb_text et_pb_text_0 et_pb_text_align_left et_pb_bg_layout_light\">\n<div class=\"et_pb_text_inner\">\n<div class=\"et-l et-l--post\">\n<div class=\"et_builder_inner_content et_pb_gutters3\">\n<p>&nbsp;<\/p>\n<p>En esta pol\u00edtica de privacidad, le informamos sobre el tratamiento de sus datos personales.<\/p>\n<p>Si desea modificar su configuraci\u00f3n de privacidad (dar su consentimiento o revocar el consentimiento ya dado), haga clic <a target=\"_blank\" href=\"https:\/\/sonrisa-immobilien.de\/es\/politica-de-privacidad\/#\" class=\"sp-dsgvo-show-privacy-popup\" rel=\"noopener\">aqu\u00ed<\/a> para cambiar su configuraci\u00f3n.<\/p>\n<h2>Responsable<\/h2>\n<p>Sonrisa UG (haftungsbeschr\u00e4nkt), Theegartener Stra\u00dfe 4, 42659 Solingen, Alemania, <a href=\"mailto:contact@sonrisa-immobilien.de\">contact@sonrisa-immobilien.de<\/a>, +49 15561790477<\/p>\n<h2>Proveedor de alojamiento<\/h2>\n<h3>Strato<\/h3>\n<p>&nbsp;<\/p>\n<p>Alojamos nuestro sitio web con nuestro encargado del tratamiento <a target=\"_blank\" href=\"https:\/\/www.strato.de\/\" rel=\"noopener\">Strato<\/a>, Strato AG, Pascalstra\u00dfe 10, 10587 Berl\u00edn, Alemania.<\/p>\n<p>Con el fin de proporcionar y entregar el sitio web, se procesan los datos de conexi\u00f3n. Los datos no se almacenan m\u00e1s all\u00e1 de la consulta con el \u00fanico fin de entregar y proporcionar el sitio web. <\/p>\n<p>La base legal para el procesamiento de datos es el inter\u00e9s leg\u00edtimo (necesidad t\u00e9cnica incondicional para la provisi\u00f3n y entrega del servicio \u00absitio web\u00bb expresamente solicitado por usted a trav\u00e9s de su visita) de acuerdo con el Art. 6, p\u00e1rrafo 1, letra f del RGPD.  <\/p>\n<p>Para el funcionamiento del sitio web, los datos de conexi\u00f3n y otros datos personales tambi\u00e9n se procesan en el marco de varias otras funciones o servicios. Esto se informa en detalle en esta pol\u00edtica de privacidad para las funciones o servicios individuales. <\/p>\n<p>&nbsp;<\/p>\n<h2>Archivos de registro del servidor<\/h2>\n<p><span><\/span><\/p>\n<p>Con el fin de supervisar la funci\u00f3n t\u00e9cnica y aumentar la seguridad operativa de nuestro alojamiento web, se procesan los datos de conexi\u00f3n. La duraci\u00f3n del procesamiento se limita a 30 d\u00edas. <\/p>\n<p>La base legal para el procesamiento de datos es el inter\u00e9s leg\u00edtimo (necesidad t\u00e9cnica incondicional de un archivo de registro del servidor como base de datos fundamental para el an\u00e1lisis de errores y para medidas de seguridad en el marco del servicio \u00absitio web\u00bb expresamente solicitado por usted a trav\u00e9s de su visita) de acuerdo con el Art. 6, p\u00e1rrafo 1, letra f del RGPD.  <\/p>\n<p>&nbsp;<\/p>\n<h2>Formulario de contacto<\/h2>\n<p>&nbsp;<\/p>\n<p>En nuestro sitio web, existe la posibilidad de ponerse en contacto directamente con nosotros a trav\u00e9s de un formulario de contacto. Despu\u00e9s de enviar el formulario de contacto, el responsable procesa los datos personales que usted ha introducido con el fin de procesar su consulta sobre la base del consentimiento que usted ha dado al enviar el formulario de acuerdo con el Art. 6, p\u00e1rrafo 1, letra a del RGPD hasta que se revoque.<br \/>No existe ninguna obligaci\u00f3n legal o contractual de proporcionar los datos personales. La no provisi\u00f3n solo tiene como consecuencia que no pueda transmitir su solicitud y que nosotros no podamos procesarla.     <\/p>\n<p>&nbsp;<\/p>\n<h2>Servicios de seguridad<\/h2>\n<p>&nbsp;<\/p>\n<p>En este sitio web, utilizamos la oferta de proveedores de servicios de seguridad, como los servicios de Captcha, para evitar entradas no humanas y automatizadas.<\/p>\n<p>&nbsp;<\/p>\n<h2>Incrustaciones<\/h2>\n<h3>Google Maps<\/h3>\n<p>&nbsp;<\/p>\n<p>En caso de que d\u00e9 su consentimiento, procesamos con el servicio <a target=\"_blank\" href=\"https:\/\/www.google.at\/maps\" rel=\"noopener\">Google Maps<\/a>, Google LLC, Amphitheatre Parkway, Mountain View, CA 94043, EE. UU., como responsables conjuntos, sus datos personales con el fin de mostrar mapas interactivos en nuestro sitio web.<\/p>\n<p>Permitimos que el servicio recopile datos de conexi\u00f3n, datos de su navegador web y la colocaci\u00f3n de una cookie publicitaria. Mediante la colocaci\u00f3n de cookies publicitarias, Google puede calcular una ID de usuario individual para cada usuario. Estos datos personales, adecuados para la identificaci\u00f3n inequ\u00edvoca, se procesan luego en el marco de la red publicitaria operada por Google.  <\/p>\n<p>En la medida en que Google realice un procesamiento independiente adicional de los datos, en particular en el marco de la red publicitaria de Google, Google es el \u00fanico responsable de ello. Los detalles se pueden encontrar en la <a target=\"_blank\" href=\"https:\/\/policies.google.com\/privacy?gl=AT&amp;hl=de#intro\" rel=\"noopener\">pol\u00edtica de privacidad<\/a> de Google. <\/p>\n<p>La no concesi\u00f3n del consentimiento solo tiene como consecuencia que el servicio Google Maps no se le proporcione. Puede revocar un consentimiento ya concedido cambiando la <a target=\"_blank\" class=\"lwb-ppsp\" href=\"https:\/\/sonrisa-immobilien.de\/es\/politica-de-privacidad\/#\" title=\"Configuraci\u00f3n de privacidad\" rel=\"noopener\">configuraci\u00f3n de privacidad<\/a>. <\/p>\n<p>La base legal para el procesamiento de datos es su consentimiento de acuerdo con el Art. 6, p\u00e1rrafo 1, letra a del RGPD. <\/p>\n<p>El grupo Google transmite sus datos personales a los EE. UU. La base legal para la transferencia de datos a los EE. UU. es su consentimiento de acuerdo con el Art. 49, p\u00e1rrafo 1, letra a en relaci\u00f3n con el Art. 6, p\u00e1rrafo 1, letra a del RGPD en relaci\u00f3n con el \u00a725 TTDSG. Ya se le inform\u00f3 antes de dar su consentimiento de que los EE. UU. no tienen un nivel de protecci\u00f3n de datos que cumpla con los est\u00e1ndares de la UE. En particular, los servicios secretos de EE. UU. pueden acceder a sus datos sin que se le informe al respecto y sin que pueda emprender acciones legales al respecto. Por esta raz\u00f3n, el Tribunal de Justicia Europeo declar\u00f3 inv\u00e1lida en una sentencia la anterior decisi\u00f3n de adecuaci\u00f3n (Privacy Shield).    <\/p>\n<p>&nbsp;<\/p>\n<h2>Servicios de an\u00e1lisis<\/h2>\n<h3>WP Statistics<\/h3>\n<p>&nbsp;<\/p>\n<p>Con el fin de buscar y analizar errores, evaluar el uso y derivar medidas para el futuro desarrollo de nuestro sitio web, procesamos sus datos con la ayuda del software de an\u00e1lisis local <a target=\"_blank\" href=\"https:\/\/wordpress.org\/plugins\/wp-statistics\/\" rel=\"noopener\">WP-Statistics<\/a>, WordPress.<\/p>\n<p>Dado que este servicio es una herramienta de an\u00e1lisis local, no se transmiten datos personales al proveedor de servicios ni a terceros. Adem\u00e1s, sus datos personales se anonimizan inmediatamente despu\u00e9s de la recopilaci\u00f3n. Por lo tanto, no se produce un almacenamiento de datos personales que vaya m\u00e1s all\u00e1 del primer paso de procesamiento.  <\/p>\n<p>La base legal para el procesamiento de datos es el inter\u00e9s leg\u00edtimo (necesidad t\u00e9cnica incondicional para la provisi\u00f3n y entrega del servicio \u00absitio web\u00bb expresamente solicitado por usted a trav\u00e9s de su visita) de acuerdo con el Art. 6, p\u00e1rrafo 1, letra f del RGPD.  <\/p>\n<p>&nbsp;<\/p>\n<h2>Derecho de oposici\u00f3n<\/h2>\n<p>&nbsp;<\/p>\n<p>Si el procesamiento de sus datos personales se basa en el inter\u00e9s leg\u00edtimo, tiene derecho a oponerse a este procesamiento.<\/p>\n<p>Si no existen razones imperiosas y dignas de protecci\u00f3n para el procesamiento por nuestra parte, el procesamiento de sus datos se suspender\u00e1 sobre la base de esta base legal.<\/p>\n<p>Adem\u00e1s, tiene derecho a oponerse al procesamiento de sus datos personales con fines de publicidad directa. En caso de oposici\u00f3n, sus datos personales ya no se procesar\u00e1n con fines de publicidad directa. <\/p>\n<p>La legalidad de los datos procesados hasta la oposici\u00f3n no se ve afectada por la oposici\u00f3n.<\/p>\n<p>&nbsp;<\/p>\n<h2>Derecho de revocaci\u00f3n<\/h2>\n<p>&nbsp;<\/p>\n<p>Tiene derecho a revocar un consentimiento ya otorgado en cualquier momento cambiando la <a target=\"_blank\" class=\"lwb-ppsp\" href=\"https:\/\/sonrisa-immobilien.de\/es\/politica-de-privacidad\/#\" title=\"Configuraci\u00f3n de privacidad\" rel=\"noopener\">configuraci\u00f3n de privacidad<\/a>.<\/p>\n<p>En caso de consentimiento para recibir publicidad electr\u00f3nica, la revocaci\u00f3n de su consentimiento puede realizarse haciendo clic en el enlace de cancelaci\u00f3n de suscripci\u00f3n. En este caso, se suspender\u00e1 el procesamiento, a menos que exista otra base legal. <\/p>\n<p>La legalidad de los datos procesados hasta la revocaci\u00f3n no se ve afectada por la revocaci\u00f3n.<\/p>\n<p>&nbsp;<\/p>\n<h2>Derechos del interesado<\/h2>\n<p>&nbsp;<\/p>\n<p>Tambi\u00e9n tiene derecho a la informaci\u00f3n, rectificaci\u00f3n, supresi\u00f3n y limitaci\u00f3n del procesamiento de los datos personales.<\/p>\n<p>En la medida en que la base legal para el procesamiento de sus datos personales resida en su consentimiento o en un contrato celebrado con usted, tambi\u00e9n tiene derecho a la portabilidad de los datos.<\/p>\n<p>Adem\u00e1s, tiene derecho a presentar una reclamaci\u00f3n ante la autoridad de control. Puede encontrar m\u00e1s informaci\u00f3n sobre las autoridades de control en la Uni\u00f3n Europea <a target=\"_blank\" href=\"https:\/\/ec.europa.eu\/justice\/article-29\/structure\/data-protection-authorities\/index_en.htm\" title=\"Autoridades de protecci\u00f3n de datos\" rel=\"noopener\">aqu\u00ed<\/a>. <\/p>\n<p>&nbsp;<\/p>\n<\/div>\n<\/div>\n<p>&nbsp;<\/p>\n<\/div>\n<\/div>\n<\/div>\n<\/div>\n<\/div>\n<\/div>\n<\/div>\n<\/div>\n<\/article>\n<\/div>\n<p>[\/et_pb_text][\/et_pb_column][\/et_pb_row][\/et_pb_section]<\/p>\n","protected":false},"excerpt":{"rendered":"<p>Pol\u00edtica de privacidad &nbsp; En esta pol\u00edtica de privacidad, le informamos sobre el tratamiento de sus datos personales. Si desea modificar su configuraci\u00f3n de privacidad (dar su consentimiento o revocar el consentimiento ya dado), haga clic aqu\u00ed para cambiar su configuraci\u00f3n. Responsable Sonrisa UG (haftungsbeschr\u00e4nkt), Theegartener Stra\u00dfe 4, 42659 Solingen, Alemania, contact@sonrisa-immobilien.de, +49 15561790477 Proveedor [&hellip;]<\/p>\n","protected":false},"author":1,"featured_media":0,"parent":0,"menu_order":0,"comment_status":"closed","ping_status":"closed","template":"","meta":{"_et_pb_use_builder":"on","_et_pb_old_content":"","_et_gb_content_width":"","footnotes":""},"class_list":["post-2340","page","type-page","status-publish","hentry"],"_links":{"self":[{"href":"https:\/\/sonrisa-immobilien.de\/es\/wp-json\/wp\/v2\/pages\/2340","targetHints":{"allow":["GET"]}}],"collection":[{"href":"https:\/\/sonrisa-immobilien.de\/es\/wp-json\/wp\/v2\/pages"}],"about":[{"href":"https:\/\/sonrisa-immobilien.de\/es\/wp-json\/wp\/v2\/types\/page"}],"author":[{"embeddable":true,"href":"https:\/\/sonrisa-immobilien.de\/es\/wp-json\/wp\/v2\/users\/1"}],"replies":[{"embeddable":true,"href":"https:\/\/sonrisa-immobilien.de\/es\/wp-json\/wp\/v2\/comments?post=2340"}],"version-history":[{"count":0,"href":"https:\/\/sonrisa-immobilien.de\/es\/wp-json\/wp\/v2\/pages\/2340\/revisions"}],"wp:attachment":[{"href":"https:\/\/sonrisa-immobilien.de\/es\/wp-json\/wp\/v2\/media?parent=2340"}],"curies":[{"name":"wp","href":"https:\/\/api.w.org\/{rel}","templated":true}]}}