{"id":2334,"date":"2025-11-17T15:03:11","date_gmt":"2025-11-17T15:03:11","guid":{"rendered":"https:\/\/sonrisa-immobilien.de\/aviso-legal\/"},"modified":"2025-12-03T18:25:10","modified_gmt":"2025-12-03T18:25:10","slug":"aviso-legal","status":"publish","type":"page","link":"https:\/\/sonrisa-immobilien.de\/es\/aviso-legal\/","title":{"rendered":"Aviso legal"},"content":{"rendered":"<p>[et_pb_section fb_built=\u00bb1&#8243; admin_label=\u00bbsection\u00bb _builder_version=\u00bb4.16&#8243; global_colors_info=\u00bb{}\u00bb][et_pb_row admin_label=\u00bbrow\u00bb _builder_version=\u00bb4.16&#8243; background_size=\u00bbinitial\u00bb background_position=\u00bbtop_left\u00bb background_repeat=\u00bbrepeat\u00bb global_colors_info=\u00bb{}\u00bb][et_pb_column type=\u00bb4_4&#8243; _builder_version=\u00bb4.16&#8243; custom_padding=\u00bb|||\u00bb global_colors_info=\u00bb{}\u00bb custom_padding__hover=\u00bb|||\u00bb][et_pb_text admin_label=\u00bbText\u00bb _builder_version=\u00bb4.27.4&#8243; background_size=\u00bbinitial\u00bb background_position=\u00bbtop_left\u00bb background_repeat=\u00bbrepeat\u00bb hover_enabled=\u00bb0&#8243; global_colors_info=\u00bb{}\u00bb sticky_enabled=\u00bb0&#8243;]<\/p>\n<h1>Aviso legal<\/h1>\n<div id=\"main-content\">\n<article id=\"post-20\" class=\"post-20 page type-page status-publish hentry\">\n<div class=\"entry-content\">\n<div class=\"et-l et-l--post\">\n<div class=\"et_builder_inner_content et_pb_gutters3\">\n<div class=\"et_pb_section et_pb_section_0 et_section_regular\">\n<div class=\"et_pb_row et_pb_row_0\">\n<div class=\"et_pb_column et_pb_column_4_4 et_pb_column_0 et_pb_css_mix_blend_mode_passthrough et-last-child\">\n<div class=\"et_pb_module et_pb_text et_pb_text_0 et_pb_text_align_left et_pb_bg_layout_light\">\n<div class=\"et_pb_text_inner\">\n<div class=\"et-l et-l--post\">\n<div class=\"et_builder_inner_content et_pb_gutters3\">\n<p>Sonrisa UG (sociedad de responsabilidad limitada)<br \/>Directora general: Ledy A. Mena Lopez<br \/>Theegartener Stra\u00dfe 4<br \/>42659 Solingen<br \/>Alemania<\/p>\n<p>Correo electr\u00f3nico: <a href=\"mailto:contact@sonrisa-immobilien.de\">contact@sonrisa-immobilien.de<\/a><br \/>Tel\u00e9fono: +49 15561790477<\/p>\n<p>Registro mercantil y n\u00famero de registro: Tribunal de Distrito de Wuppertal HRB 36112<br \/>N\u00famero de identificaci\u00f3n fiscal: Solicitado<\/p>\n<p>Responsable del contenido: Ledy A. Mena Lopez<\/p>\n<\/div>\n<\/div>\n<\/div>\n<\/div>\n<\/div>\n<\/div>\n<\/div>\n<\/div>\n<\/div>\n<\/div>\n<\/article>\n<\/div>\n<p>[\/et_pb_text][\/et_pb_column][\/et_pb_row][\/et_pb_section]<\/p>\n","protected":false},"excerpt":{"rendered":"<p>Aviso legal Sonrisa UG (sociedad de responsabilidad limitada)Directora general: Ledy A. Mena LopezTheegartener Stra\u00dfe 442659 SolingenAlemania Correo electr\u00f3nico: contact@sonrisa-immobilien.deTel\u00e9fono: +49 15561790477 Registro mercantil y n\u00famero de registro: Tribunal de Distrito de Wuppertal HRB 36112N\u00famero de identificaci\u00f3n fiscal: Solicitado Responsable del contenido: Ledy A. Mena Lopez<\/p>\n","protected":false},"author":1,"featured_media":0,"parent":0,"menu_order":0,"comment_status":"closed","ping_status":"closed","template":"","meta":{"_et_pb_use_builder":"on","_et_pb_old_content":"","_et_gb_content_width":"","footnotes":""},"class_list":["post-2334","page","type-page","status-publish","hentry"],"_links":{"self":[{"href":"https:\/\/sonrisa-immobilien.de\/es\/wp-json\/wp\/v2\/pages\/2334","targetHints":{"allow":["GET"]}}],"collection":[{"href":"https:\/\/sonrisa-immobilien.de\/es\/wp-json\/wp\/v2\/pages"}],"about":[{"href":"https:\/\/sonrisa-immobilien.de\/es\/wp-json\/wp\/v2\/types\/page"}],"author":[{"embeddable":true,"href":"https:\/\/sonrisa-immobilien.de\/es\/wp-json\/wp\/v2\/users\/1"}],"replies":[{"embeddable":true,"href":"https:\/\/sonrisa-immobilien.de\/es\/wp-json\/wp\/v2\/comments?post=2334"}],"version-history":[{"count":0,"href":"https:\/\/sonrisa-immobilien.de\/es\/wp-json\/wp\/v2\/pages\/2334\/revisions"}],"wp:attachment":[{"href":"https:\/\/sonrisa-immobilien.de\/es\/wp-json\/wp\/v2\/media?parent=2334"}],"curies":[{"name":"wp","href":"https:\/\/api.w.org\/{rel}","templated":true}]}}